{"id":893,"date":"2021-05-07T16:09:08","date_gmt":"2021-05-07T15:09:08","guid":{"rendered":"https:\/\/aberconwy.contentcaretaker.co.uk\/?page_id=893"},"modified":"2026-01-29T17:14:07","modified_gmt":"2026-01-29T17:14:07","slug":"school-meals","status":"publish","type":"page","link":"https:\/\/www.aberconwy.conwy.sch.uk\/cy\/school-meals\/","title":{"rendered":"Prydau Ysgol"},"content":{"rendered":"<p>Darperir holl arlwyo ysgolion gan Sodexo, cwmni rheoli cyfleusterau rhyngwladol arbenigol mawr.<\/p>\n\n\n\n<p>Cynnig Sodexo \u201cI Chi\u201d yw&#039;r cynnig bwyd sydd wedi&#039;i gynllunio i ddarparu prydau bwyd iach, cytbwys a maethlon i fyfyrwyr mewn addysg uwchradd. Mae&#039;n cydymffurfio \u00e2 Chanllawiau Llywodraeth Cymru ar gyfer Bwyta&#039;n Iach,&nbsp;<em>Blas am Oes<\/em>. Mae hyn yn golygu bod ein bwydlenni&#039;n cwrdd \u00e2&#039;r mesurau gofynnol ar gyfer maeth a dewisiadau bwyd. <strong>Cesglir gwybodaeth am blant ag alergeddau a \/ neu anoddefedd bwyd yn ystod y broses dderbyn i'r ysgol.<\/strong><\/p>\n\n\n\n<p>Oeddech chi&#039;n gwybod y gallwch chi nawr dalu am ginio&#039;ch plentyn trwy&#039;r <a rel=\"noreferrer noopener\" href=\"https:\/\/www.aberconwy.conwy.sch.uk\/cy\/school-gateway-app\/\" data-type=\"page\" data-id=\"773\" target=\"_blank\">Ap Schoolgateway?<\/a> I gael mwy o wybodaeth am ein system heb arian parod os gwelwch yn dda <a href=\"https:\/\/www.aberconwy.conwy.sch.uk\/wp-content\/uploads\/2021\/07\/Cashless-System-reminder-notes-updated-2021.doc\">darllenwch y canllaw hwn<\/a>. <\/p>\n\n\n\n<p><strong>Fel rhiant neu warcheidwad, efallai y bydd gennych hawl i brydau ysgol am ddim i&#039;ch plant sy&#039;n mynychu ysgolion ym Mwrdeistref Sirol Conwy<\/strong>. I ddarganfod a ydych chi&#039;n gymwys ewch i <a href=\"http:\/\/www.conwy.gov.uk\/en\/Resident\/Benefits-and-grants\/Education-Benefits\/Free-School-Meals-in-Conwy-County-Borough.aspx\">Wefan CBSC<\/a>&nbsp;neu lawrlwythwch y wybodaeth&nbsp;<a href=\"https:\/\/www.aberconwy.conwy.sch.uk\/wp-content\/uploads\/2021\/05\/Free_School_Meal_Take_Up.pdf\">yma<\/a>.<\/p>\n\n\n\n<h3 class=\"wp-block-heading\">Prif Neuadd Fwyta<\/h3>\n\n\n\n<p>Mae Sodexo yn darparu cownter poeth yn y brif neuadd fwyta, gan weini amrywiaeth o eitemau, gan gynnwys llysieuol, sy&#039;n newid yn ddyddiol. Mae&#039;r cylch bwydlen yn ymestyn dros dair wythnos ac yn cael ei newid ddwywaith y flwyddyn.<\/p>\n\n\n\n<p>Mae allfa&#039;r caffi yn y neuadd fwyta yn cynnig eitemau llaw, prydau un pot, baguettes a brechdanau wedi&#039;u gwneud ymlaen llaw, ffrwythau, diodydd a chacennau i fynd gyda nhw.<\/p>\n\n\n\n<p>Mae yna hefyd far \u00e2 thema sy'n cynnig tatws siaced, roliau syb, tafelli pitsa wedi'u gwneud yn ffres a seigiau pasta, sy'n newid yn wythnosol. Yn ogystal, mae yna wythnosau \u00e2 thema a diwrnodau arbennig trwy gydol y flwyddyn.<\/p>\n\n\n\n<p>Mae&#039;r Caffi ar gael peth cyntaf yn y bore ar gyfer diodydd poeth, uwd, grawnfwydydd, tost a brechdanau cig moch. Gellir sicrhau bod ffrwythau ac iogwrt hefyd ar gael os oes angen.<\/p>\n\n\n\n<p>Byddem yn annog ein holl fyfyrwyr i gael brecwast gan y profwyd bod cael rhywbeth ar gyfer y pryd pwysicaf hwn o&#039;r dydd yn gwella canolbwyntio ac yn helpu&#039;r broses ddysgu.<\/p>\n\n\n\n<h3 class=\"wp-block-heading\">Caffi 6<\/h3>\n\n\n\n<p>Maent hefyd yn darparu cownter bar deli amser cinio yn ein siop Neuadd Chwaraeon, Caffi 6, gan weini brechdanau, baguettes, tortilla wedi'i lenwi a rholiau wedi'u gwneud yn ol archeb yn ogystal ag amrywiaeth o fyrbrydau poeth, byrbrydau llaw, a phrydau un pot i'w cymryd i ffwrdd. .&nbsp;<\/p>\n\n\n\n<h3 class=\"wp-block-heading\">Amser Cinio<\/h3>\n\n\n\n<p>Rydym yn cynnig opsiwn &#039;Bargen Prydau&#039; sy&#039;n cynnwys y pryd poeth, tatws a llysiau fel sy&#039;n briodol, sudd ffrwythau neu laeth, a chacen, pwdin ffrwythau neu iogwrt neu ginio wedi&#039;i becynnu ar ffurf brechdan. Mae hwn ar gael i&#039;n holl fyfyrwyr.<\/p>\n\n\n\n<p>Ar gyfer y myfyrwyr hynny sy&#039;n cael gweithgareddau yn yr awr ginio, rydym yn cynnig opsiwn Cydio a Mynd, lle gallant archebu pryd bwyd llawn amser egwyl, casglu amser cinio a churo&#039;r ciw.<\/p>\n\n\n\n<p>I weld bwydlen Gwanwyn 2026 <a href=\"https:\/\/www.aberconwy.conwy.sch.uk\/wp-content\/uploads\/2026\/01\/2026.01.14-YAC-Weekly-Menu-spring-2026-1.pdf\" data-type=\"link\" data-id=\"https:\/\/www.aberconwy.conwy.sch.uk\/wp-content\/uploads\/2025\/05\/Menus-Summer-2025.pdf\">cliciwch yma<\/a> ac i weld y gwerthoedd carbohydrad ar gyfer pob dogn, defnyddiwch <a href=\"https:\/\/www.aberconwy.conwy.sch.uk\/wp-content\/uploads\/2026\/01\/2026.01.14-YAC-Spring-2026-Carbohydrate-List.pdf\">y ddolen hon<\/a>. <br>Mae rhestr brisiau 2025-2026 ar gael <a href=\"https:\/\/www.aberconwy.conwy.sch.uk\/wp-content\/uploads\/2026\/01\/2025-26-Menu-Price-List.pdf\">yma<\/a>.<br>Noder, o 28 Ebrill 2025 ymlaen, cost bargen bryd yw \u00a33.40.<\/p>\n\n\n\n<h3 class=\"wp-block-heading\">Amser Egwyl<\/h3>\n\n\n\n<p>Mae amseroedd egwyl yn cynnwys detholiad o fyrbrydau llaw poeth, tost, bagels, cacennau te, cawl, diodydd poeth a'r cyfle, os oes angen, i archebu pryd o fwyd wedi'i becynnu. Mae gennym hefyd baguettes a brechdanau wedi'u gwneud yn ffres, ffrwythau ac iogwrt.<\/p>\n\n\n\n<p><em>Os oes gan unrhyw riant gwestiynau yngl\u0177n \u00e2'r gwasanaeth, neu os hoffent ymweld \u00e2'r adran, gallant gysylltu \u00e2 Rheolwr Gwasanaethau Safle Sodexo, a fydd yn hapus i helpu.<\/em><\/p>\n\n\n\n<p><\/p>\n\n\n\n<p><\/p>","protected":false},"excerpt":{"rendered":"<p>All school catering is provided by Sodexo, a large specialist international facilities management company. The Sodexo &#8220;For You&#8221; offer is the food offer that has been designed to provide healthy, balanced and nutritious meals to students in secondary education. It is compliant with the Welsh Government Guidelines for Healthy Eating,&nbsp;Appetite for Life. This means that [&hellip;]<\/p>\n","protected":false},"author":4,"featured_media":0,"parent":0,"menu_order":0,"comment_status":"closed","ping_status":"closed","template":"","meta":{"_acf_changed":false,"footnotes":""},"class_list":["post-893","page","type-page","status-publish","hentry"],"acf":[],"featured_image_src":null,"_links":{"self":[{"href":"https:\/\/www.aberconwy.conwy.sch.uk\/cy\/wp-json\/wp\/v2\/pages\/893","targetHints":{"allow":["GET"]}}],"collection":[{"href":"https:\/\/www.aberconwy.conwy.sch.uk\/cy\/wp-json\/wp\/v2\/pages"}],"about":[{"href":"https:\/\/www.aberconwy.conwy.sch.uk\/cy\/wp-json\/wp\/v2\/types\/page"}],"author":[{"embeddable":true,"href":"https:\/\/www.aberconwy.conwy.sch.uk\/cy\/wp-json\/wp\/v2\/users\/4"}],"replies":[{"embeddable":true,"href":"https:\/\/www.aberconwy.conwy.sch.uk\/cy\/wp-json\/wp\/v2\/comments?post=893"}],"version-history":[{"count":33,"href":"https:\/\/www.aberconwy.conwy.sch.uk\/cy\/wp-json\/wp\/v2\/pages\/893\/revisions"}],"predecessor-version":[{"id":10994,"href":"https:\/\/www.aberconwy.conwy.sch.uk\/cy\/wp-json\/wp\/v2\/pages\/893\/revisions\/10994"}],"wp:attachment":[{"href":"https:\/\/www.aberconwy.conwy.sch.uk\/cy\/wp-json\/wp\/v2\/media?parent=893"}],"curies":[{"name":"wp","href":"https:\/\/api.w.org\/{rel}","templated":true}]}}