{"id":1212,"date":"2021-05-21T14:46:58","date_gmt":"2021-05-21T13:46:58","guid":{"rendered":"https:\/\/aberconwy.contentcaretaker.co.uk\/?page_id=1212"},"modified":"2022-10-26T17:39:15","modified_gmt":"2022-10-26T16:39:15","slug":"pastoral-care","status":"publish","type":"page","link":"https:\/\/www.aberconwy.conwy.sch.uk\/cy\/pastoral-care\/","title":{"rendered":"Gofal Bugeiliol"},"content":{"rendered":"<p>Cyfrifoldeb y Penaethiaid Blwyddyn yw gofal bugeiliol myfyrwyr. Mae yna hefyd Fentor Blwyddyn llawn amser nad yw&#039;n addysgu ar gyfer pob Blwyddyn, sydd ar gael i ddelio \u00e2 materion a phryderon gofal bugeiliol o ddydd i ddydd. Mae gan bob myfyriwr diwtor dosbarth hefyd y bydd yn cwrdd ag ef yn ddyddiol trwy sesiynau bugeiliol ac a fydd yn cyflwyno sesiynau PSHE bob wythnos.<\/p>\n\n\n\n<p>Bydd Pennaeth pob gr\u0175p Blwyddyn yn monitro cynnydd academaidd myfyrwyr yn eu gr\u0175p Blwyddyn yn agos a bydd y Mentor Blwyddyn neu&#039;r athro dosbarth yn siarad \u00e2 myfyrwyr bob hanner tymor i fyfyrio ar eu cynnydd.<\/p>\n\n\n\n<p>Mae gan yr ysgol hefyd gyswllt \u00e2 nifer o wasanaethau cymorth a gall ddarparu help a chyngor mewn sawl ffordd. Rydym yn ymgynghori \u00e2&#039;r Gwasanaethau Cymdeithasol, y Gwasanaeth Meddygol Ysgol, y Gwasanaeth Seicolegol Ysgol, y Gwasanaeth Gyrfaoedd a&#039;r Gweithiwr Cymdeithasol Addysg. Mae gennym hefyd nyrs ysgol ar gael unwaith yr wythnos i weld myfyrwyr yn gyfrinachol.<\/p>","protected":false},"excerpt":{"rendered":"<p>The pastoral care of students is the responsibility of the Year Heads. There is also a full-time, non-teaching Year Mentor for each Year, who is available to deal with day-to-day pastoral care issues and concerns. Each student also has a form tutor who they will meet daily through pastoral sessions and who will deliver PSHE [&hellip;]<\/p>\n","protected":false},"author":4,"featured_media":0,"parent":0,"menu_order":0,"comment_status":"closed","ping_status":"closed","template":"","meta":{"_acf_changed":false,"footnotes":""},"class_list":["post-1212","page","type-page","status-publish","hentry"],"acf":[],"featured_image_src":null,"_links":{"self":[{"href":"https:\/\/www.aberconwy.conwy.sch.uk\/cy\/wp-json\/wp\/v2\/pages\/1212","targetHints":{"allow":["GET"]}}],"collection":[{"href":"https:\/\/www.aberconwy.conwy.sch.uk\/cy\/wp-json\/wp\/v2\/pages"}],"about":[{"href":"https:\/\/www.aberconwy.conwy.sch.uk\/cy\/wp-json\/wp\/v2\/types\/page"}],"author":[{"embeddable":true,"href":"https:\/\/www.aberconwy.conwy.sch.uk\/cy\/wp-json\/wp\/v2\/users\/4"}],"replies":[{"embeddable":true,"href":"https:\/\/www.aberconwy.conwy.sch.uk\/cy\/wp-json\/wp\/v2\/comments?post=1212"}],"version-history":[{"count":5,"href":"https:\/\/www.aberconwy.conwy.sch.uk\/cy\/wp-json\/wp\/v2\/pages\/1212\/revisions"}],"predecessor-version":[{"id":4689,"href":"https:\/\/www.aberconwy.conwy.sch.uk\/cy\/wp-json\/wp\/v2\/pages\/1212\/revisions\/4689"}],"wp:attachment":[{"href":"https:\/\/www.aberconwy.conwy.sch.uk\/cy\/wp-json\/wp\/v2\/media?parent=1212"}],"curies":[{"name":"wp","href":"https:\/\/api.w.org\/{rel}","templated":true}]}}