{"id":1009,"date":"2021-05-10T17:12:39","date_gmt":"2021-05-10T16:12:39","guid":{"rendered":"https:\/\/aberconwy.contentcaretaker.co.uk\/?page_id=1009"},"modified":"2023-01-31T16:15:49","modified_gmt":"2023-01-31T16:15:49","slug":"home-learning","status":"publish","type":"page","link":"https:\/\/www.aberconwy.conwy.sch.uk\/cy\/home-learning\/","title":{"rendered":"Dysgu gartref"},"content":{"rendered":"<p>Mae dysgu gartref yn rhan hanfodol o raglen yr ysgol. Mae&#039;n bwysig annog astudio annibynnol, ac aethom ati i wneud gweithgareddau gwaith cartref mor amrywiol \u00e2 phosibl. Bydd gweithgareddau dysgu gartref yn cael eu gosod bob wythnos gan adrannau trwy Microsoft Teams yn unol \u00e2&#039;r cynlluniau dysgu, a fydd yn cael eu rhannu \u00e2 myfyrwyr.<\/p>\n\n\n\n<div style=\"height:13px\" aria-hidden=\"true\" class=\"wp-block-spacer\"><\/div>\n\n\n\n<h3 class=\"wp-block-heading\">Blynyddoedd 7 i 11 - Nodiadau i Rieni<\/h3>\n\n\n\n<ul class=\"wp-block-list\">\n<li>Anogwch eich plentyn\/plant i ddechrau pob tasg ar y penwythnos er mwyn iddynt gael amser i ofyn i athrawon am gymorth cyn y dyddiad cau.<\/li>\n\n\n\n<li>Mae cwrdd \u00e2 therfynau amser yn sgil y mae angen eich help ar blant i&#039;w chyflawni, bydd cyfnodau cadw yn cael eu gosod os na chyrhaeddir terfynau amser.<\/li>\n\n\n\n<li>Anogwch eich plentyn\/plant i gyflwyno\u2019u gwaith yn dda \u2013 dylid ysgrifennu\u2019r atebion ar bapur, nid eu gwasgu ar y daflen gwestiynau.<\/li>\n\n\n\n<li>Os bydd angen adnoddau ar eich plentyn\/plant, fel: papur, ysgrifbinnau lliw, ac ati, dylent ofyn i&#039;r athro pwnc neu&#039;r tiwtor dosbarth perthnasol.<\/li>\n\n\n\n<li>Cysylltwch \u00e2 Mrs Sewell (Pennaeth Cynorthwyol) yn uniongyrchol os oes gennych unrhyw gwestiynau neu bryderon pellach.<\/li>\n<\/ul>\n\n\n\n<div style=\"height:16px\" aria-hidden=\"true\" class=\"wp-block-spacer\"><\/div>\n\n\n\n<p><strong>BLWYDDYN 7: Tua hanner awr fesul tasg dysgu gartref.<\/strong><\/p>\n\n\n\n<figure class=\"wp-block-table is-style-regular\"><table class=\"has-background has-fixed-layout\" style=\"background-color:#e7f5fe\"><tbody><tr><td>Wythnos 1<\/td><td>Saesneg<\/td><td>Gwyddoniaeth<\/td><td>Cymraeg<\/td><td>DT \/ AG<\/td><\/tr><tr><td>Wythnos 2<\/td><td>MFL<\/td><td>Mathemateg<\/td><td>Hanes \/ Daearyddiaeth \/ AG<\/td><\/tr><tr><td>Hanner Tymor<\/td><td>Celf \/ TGCh \/ PBL<\/td><\/tr><\/tbody><\/table><\/figure>\n\n\n\n<p><strong>BLWYDDYN 8: Tua hanner awr fesul <strong>tasg dysgu gartref<\/strong>.<\/strong><\/p>\n\n\n\n<figure class=\"wp-block-table\"><table class=\"has-background has-fixed-layout\" style=\"background-color:#e7f5fe\"><tbody><tr><td>Wythnos 1<\/td><td>MFL<\/td><td>Mathemateg<\/td><td>Hanes \/ Daearyddiaeth \/ AG&nbsp;<\/td><\/tr><tr><td>Wythnos 2<\/td><td>Saesneg<\/td><td>Gwyddoniaeth<\/td><td>Cymraeg<\/td><td>DT \/ AG<\/td><\/tr><tr><td>Hanner Tymor<\/td><td>Celf \/ TGCh \/ Cerddoriaeth<\/td><\/tr><\/tbody><\/table><\/figure>\n\n\n\n<p><strong>&nbsp;BLWYDDYN 9: Tua phum munud a deugain fesul <strong>tasg dysgu gartref<\/strong>.<\/strong><\/p>\n\n\n\n<figure class=\"wp-block-table\"><table class=\"has-background has-fixed-layout\" style=\"background-color:#e7f5fe\"><tbody><tr><td>Wythnos 1<\/td><td>Saesneg<\/td><td>Gwyddoniaeth<\/td><td>Cymraeg<\/td><td>DT \/ AG<\/td><\/tr><tr><td>Wythnos 2<\/td><td>MFL<\/td><td>Mathemateg<\/td><td>Hanes \/ Daearyddiaeth \/ AG<\/td><\/tr><tr><td>Hanner Tymor<\/td><td>Celf \/ TGCh \/ Cerddoriaeth<\/td><\/tr><\/tbody><\/table><\/figure>\n\n\n\n<p><strong>Blwyddyn 10: Tua awr fesul <strong>tasg dysgu gartref<\/strong><\/strong>.<\/p>\n\n\n\n<figure class=\"wp-block-table\"><table class=\"has-background has-fixed-layout\" style=\"background-color:#e7f5fe\"><tbody><tr><td>Wythnos 1<\/td><td>Opsiwn 1<\/td><td>Opsiwn 3<\/td><td>Saesneg<\/td><td>Gwyddoniaeth<\/td><td>Mathemateg<\/td><td>Cymraeg<\/td><td>RE<\/td><\/tr><tr><td>Wythnos 2<\/td><td>Opsiwn 2<\/td><td>WBQ<\/td><td>Saesneg<\/td><td>Gwyddoniaeth<\/td><td>Mathemateg<\/td><td>Cymraeg<\/td><td>&nbsp;<\/td><\/tr><\/tbody><\/table><figcaption class=\"wp-element-caption\">Opsiwn 1: Dydd Mercher, am Opsiwn 2: Dydd Mercher, pm Opsiwn 3: Dydd Mawrth, am<\/figcaption><\/figure>\n\n\n\n<p><strong>BLWYDDYN 11: Tua awr fesul tasg dysgu gartref<\/strong>.<\/p>\n\n\n\n<figure class=\"wp-block-table\"><table class=\"has-background has-fixed-layout\" style=\"background-color:#e7f5fe\"><tbody><tr><td>Wythnos 1<\/td><td>Opsiwn 1<\/td><td>Opsiwn 2<\/td><td>Mathemateg<\/td><td>Gwyddoniaeth<\/td><td>Cymraeg<\/td><td>Saesneg<\/td><td>&nbsp;<\/td><\/tr><tr><td>Wythnos 2<\/td><td>Opsiwn 1<\/td><td>Opsiwn 2<\/td><td>Mathemateg<\/td><td>Gwyddoniaeth<\/td><td>Cymraeg<\/td><td>Saesneg<\/td><td>RE&nbsp;<\/td><\/tr><\/tbody><\/table><figcaption class=\"wp-element-caption\">Opsiwn 1: Dydd Llun \/ Dydd Gwener, am Opsiwn 2: Dydd Llun \/ Dydd Gwener, pm<\/figcaption><\/figure>","protected":false},"excerpt":{"rendered":"<p>Home-learning is an essential part of the school programme. It is important to encourage independent study, and we set out to make homework activities as varied as possible. Home-learning activities will be set every week by departments through Microsoft Teams according to the learning plans, which will be shared with students. Years 7&nbsp;to 11 &#8211; [&hellip;]<\/p>\n","protected":false},"author":4,"featured_media":0,"parent":0,"menu_order":0,"comment_status":"closed","ping_status":"closed","template":"","meta":{"_acf_changed":false,"footnotes":""},"class_list":["post-1009","page","type-page","status-publish","hentry"],"acf":[],"featured_image_src":null,"_links":{"self":[{"href":"https:\/\/www.aberconwy.conwy.sch.uk\/cy\/wp-json\/wp\/v2\/pages\/1009","targetHints":{"allow":["GET"]}}],"collection":[{"href":"https:\/\/www.aberconwy.conwy.sch.uk\/cy\/wp-json\/wp\/v2\/pages"}],"about":[{"href":"https:\/\/www.aberconwy.conwy.sch.uk\/cy\/wp-json\/wp\/v2\/types\/page"}],"author":[{"embeddable":true,"href":"https:\/\/www.aberconwy.conwy.sch.uk\/cy\/wp-json\/wp\/v2\/users\/4"}],"replies":[{"embeddable":true,"href":"https:\/\/www.aberconwy.conwy.sch.uk\/cy\/wp-json\/wp\/v2\/comments?post=1009"}],"version-history":[{"count":23,"href":"https:\/\/www.aberconwy.conwy.sch.uk\/cy\/wp-json\/wp\/v2\/pages\/1009\/revisions"}],"predecessor-version":[{"id":5289,"href":"https:\/\/www.aberconwy.conwy.sch.uk\/cy\/wp-json\/wp\/v2\/pages\/1009\/revisions\/5289"}],"wp:attachment":[{"href":"https:\/\/www.aberconwy.conwy.sch.uk\/cy\/wp-json\/wp\/v2\/media?parent=1009"}],"curies":[{"name":"wp","href":"https:\/\/api.w.org\/{rel}","templated":true}]}}